{"id":255,"date":"2023-08-27T21:29:58","date_gmt":"2023-08-27T19:29:58","guid":{"rendered":"http:\/\/hfini.ipa.tu-berlin.de\/?page_id=255"},"modified":"2025-05-26T10:15:15","modified_gmt":"2025-05-26T08:15:15","slug":"fuer-unternehmen","status":"publish","type":"page","link":"https:\/\/steyr.ipa.tu-berlin.de\/?page_id=255","title":{"rendered":"F\u00fcr Unternehmen"},"content":{"rendered":"\n<p>Sie suchen qualifizierte und interdisziplin\u00e4r projekterfahrene Menschen f\u00fcr Ihr Team?<br>Der Studiengang Human Factors bietet Studierenden dank seines interdisziplin\u00e4ren Schwerpunkts vielf\u00e4ltige Wahl- und Vertiefungsm\u00f6glichkeiten, sodass Absolvent:innen ein facettenreiches Skill-Set aufbauen k\u00f6nnen.<\/p>\n\n\n\n<p>Die Studierenden kommen vorwiegend aus zwei Fachrichtungen in den Human Factors Master: <\/p>\n\n\n\n<ul class=\"wp-block-list\">\n<li>Kognitionswissenschaften, Psychologie (\u00e4hnlichen) Bachelorabschluss<\/li>\n\n\n\n<li>Elektrotechnik, Energie- und Prozesstechnik, Informatik, Informationstechnik im Maschinenwesen, Maschinenbau, Medizintechnik, Physikalische Ingenieurwissenschaft, Technische Informatik, Verkehrswesen<\/li>\n<\/ul>\n\n\n\n<p>Dieser Hintergrund wird im Master weiter gest\u00e4rkt, es werden allerdings auch wechselseitig F\u00e4cher der anderen Fachrichtung (Psychologie f\u00fcr Ingenieure, Ingenieurswissenschaften f\u00fcr Psychologen) sowie gemeinsame interdisziplin\u00e4re F\u00e4cher absolviert.<\/p>\n\n\n\n<p>Eine Profilbildung bietet der Studiengang im Anwendungsbereich, in den Gebieten <\/p>\n\n\n\n<ul class=\"wp-block-list\">\n<li>Fahrzeugtechnik, Luft- und Raumfahrt, Schifffahrt<\/li>\n\n\n\n<li>Gesundheitswesen\/Medizintechnik<\/li>\n\n\n\n<li>Prozessf\u00fchrung<\/li>\n\n\n\n<li>in Grundlagen- und forschungsorientierten Vertiefungen in den Bereichen Automationspsychologie, Kognitionspsychologie, Neuroergonomie, Virtuelle Realit\u00e4t und Spezielle Methoden<\/li>\n<\/ul>\n\n\n\n<p>Falls Sie an Absolvent:innen und Studierenden des Studiengangs interessiert sind, schreiben Sie uns gerne eine Nachricht. Wir freuen uns, Sie und ihre Vision mit den Studierenden zu vernetzen. Hierzu organisieren wir bisher&#8230;<\/p>\n\n\n\n<ul class=\"wp-block-list\">\n<li><strong>Stellenb\u00f6rsen<\/strong> &#8211; senden Sie uns ihre Stellenausschreibung, wir verbreiten diese \u00fcber unsere Kan\u00e4le an die passende Zielgruppe<\/li>\n\n\n\n<li><strong>Future Talk<\/strong> &#8211; stellen Sie ihren Arbeitsalltag oder m\u00f6gliche Berufsperspektiven f\u00fcr Human Factors Studierende vor<\/li>\n\n\n\n<li><strong>Exkursionen<\/strong> &#8211; erm\u00f6glichen Sie uns einen Einblick in aktuelle Arbeitsbereiche <\/li>\n<\/ul>\n\n\n\n<p>Wir freuen uns auf den Austausch mit Ihnen. Bei Fragen wenden Sie sich gerne an <em><strong><a href=\"mailto:hf.chapter.berlin@gmail.com\">hf.chapter.berlin@gmail.com<\/a><\/strong><\/em>.<\/p>\n","protected":false},"excerpt":{"rendered":"<p>Sie suchen qualifizierte und interdisziplin\u00e4r projekterfahrene Menschen f\u00fcr Ihr Team?Der Studiengang Human Factors bietet Studierenden dank seines interdisziplin\u00e4ren Schwerpunkts vielf\u00e4ltige Wahl- und Vertiefungsm\u00f6glichkeiten, sodass Absolvent:innen ein facettenreiches Skill-Set aufbauen k\u00f6nnen. Die Studierenden kommen vorwiegend aus zwei Fachrichtungen in den Human Factors Master: Dieser Hintergrund wird im Master weiter gest\u00e4rkt, es werden allerdings auch wechselseitig F\u00e4cher der anderen Fachrichtung (Psychologie f\u00fcr Ingenieure, Ingenieurswissenschaften f\u00fcr Psychologen) sowie gemeinsame interdisziplin\u00e4re F\u00e4cher absolviert. Eine Profilbildung bietet der Studiengang im Anwendungsbereich, in den Gebieten Falls Sie an Absolvent:innen und Studierenden des Studiengangs interessiert sind, schreiben Sie uns gerne eine Nachricht. Wir freuen uns, Sie und ihre Vision mit den Studierenden zu vernetzen. Hierzu organisieren wir bisher&#8230; Wir freuen uns auf den Austausch mit Ihnen. Bei [&hellip;]<\/p>\n","protected":false},"author":3,"featured_media":0,"parent":0,"menu_order":0,"comment_status":"closed","ping_status":"closed","template":"","meta":{"footnotes":""},"class_list":["post-255","page","type-page","status-publish","hentry"],"_links":{"self":[{"href":"https:\/\/steyr.ipa.tu-berlin.de\/index.php?rest_route=\/wp\/v2\/pages\/255","targetHints":{"allow":["GET"]}}],"collection":[{"href":"https:\/\/steyr.ipa.tu-berlin.de\/index.php?rest_route=\/wp\/v2\/pages"}],"about":[{"href":"https:\/\/steyr.ipa.tu-berlin.de\/index.php?rest_route=\/wp\/v2\/types\/page"}],"author":[{"embeddable":true,"href":"https:\/\/steyr.ipa.tu-berlin.de\/index.php?rest_route=\/wp\/v2\/users\/3"}],"replies":[{"embeddable":true,"href":"https:\/\/steyr.ipa.tu-berlin.de\/index.php?rest_route=%2Fwp%2Fv2%2Fcomments&post=255"}],"version-history":[{"count":3,"href":"https:\/\/steyr.ipa.tu-berlin.de\/index.php?rest_route=\/wp\/v2\/pages\/255\/revisions"}],"predecessor-version":[{"id":409,"href":"https:\/\/steyr.ipa.tu-berlin.de\/index.php?rest_route=\/wp\/v2\/pages\/255\/revisions\/409"}],"wp:attachment":[{"href":"https:\/\/steyr.ipa.tu-berlin.de\/index.php?rest_route=%2Fwp%2Fv2%2Fmedia&parent=255"}],"curies":[{"name":"wp","href":"https:\/\/api.w.org\/{rel}","templated":true}]}}