{"id":251,"date":"2023-08-27T21:29:46","date_gmt":"2023-08-27T19:29:46","guid":{"rendered":"http:\/\/hfini.ipa.tu-berlin.de\/?page_id=251"},"modified":"2025-05-26T10:12:47","modified_gmt":"2025-05-26T08:12:47","slug":"unsere-aufgaben","status":"publish","type":"page","link":"https:\/\/steyr.ipa.tu-berlin.de\/?page_id=251","title":{"rendered":"Unsere Aufgaben"},"content":{"rendered":"\n<h2 class=\"wp-block-heading\">Wendet Euch gerne in folgenden Angelegenheiten an uns&#8230;<\/h2>\n\n\n\n<h2 class=\"wp-block-heading\">Studentische Vertretung<\/h2>\n\n\n\n<p><strong>Institutsrat<\/strong><br>Jedes Institut an der TU Berlin hat seinen eigenen Institutsrat. Im Institutsrat werden Belange besprochen, die Forschung und Lehre des Instituts betreffen und somit auch Auswirkungen auf unseren Studiengang haben. Die studentischen Interessen werden durch studentische Mitglieder vertreten. Neben&nbsp; den studentischen Mitgliedern geh\u00f6ren gem\u00e4\u00df Satzung der TU der Institutsratssitzung f\u00fcr Psychologie und Arbeitswissenschaft eine Vertreterung der akademischen Mitarbeitenden, der Mitarbeitenden in Technik, Service und Verwaltung, und vier Hochschullehrenden an. Die Mitglieder werden von den jeweiligen Gruppen f\u00fcr eine Amtszeit von 2 Jahren gew\u00e4hlt. Die Sitzungen des Institutsrates haben stets einen instituts\u00f6ffentlichen Teil, die Termine und aktuelle Besetzung findet ihr <a href=\"https:\/\/www.tu.berlin\/ipa\/ueber-uns\/gremien-beauftragte\/institutsrat\">hier<\/a> auf der Webseite des IPA.&nbsp;<\/p>\n\n\n\n<p><strong>Pr\u00fcfungsausschuss<\/strong><br>Der Pr\u00fcfungsausschuss achtet darauf, dass die Bestimmungen der Allgemeinen Studien- und Pr\u00fcfungsordnung (AllgStuPO) der TU Berlin und der fachspezifischen Studien- und Pr\u00fcfungsordnung (StuPO) f\u00fcr den jeweiligen Studiengang eingehalten werden. Er befasst sich mit allen Pr\u00fcfungsfragen, <strong>nicht<\/strong> mit Studienberatung. Die aktuelle Besetzung sowie Amtsperiode des Pr\u00fcfungsausschuss des Masterstudiengangs Human Factors findet ihr <a href=\"https:\/\/www.tu.berlin\/ipa\/studium-lehre\/pruefungsausschuss\">hier<\/a>&nbsp;<\/p>\n\n\n\n<p><strong>Berufungskommissionen<br><\/strong>Wenn eine neue Professur ausgeschrieben wird, wird ein Berufungsverfahren angesto\u00dfen, um die Auswahl fair, transparent, z\u00fcgig, professionell und unter Wahrung hoher Qualit\u00e4tsstandards durchf\u00fchren zu k\u00f6nnen. Studierende sind in der Berufungskommission beteiligt. Au\u00dferdem laden wir euch herzlich zu Berufungsterminen und Probevortr\u00e4gen m\u00f6glicher neuer Dozenten ein. Ank\u00fcndigungen hierzu erreichen Euch \u00fcber unsere <a href=\"https:\/\/www.instagram.com\/hf_chapter_berlin\/\" target=\"_blank\" rel=\"noreferrer noopener\">Instagram Seite <\/a>oder den <a href=\"https:\/\/isis.tu-berlin.de\/course\/view.php?id=32224\" target=\"_blank\" rel=\"noreferrer noopener\">ISIS Kurs<\/a>.&nbsp;<\/p>\n\n\n\n<h2 class=\"wp-block-heading\">Beratung &amp; Netzwerk<\/h2>\n\n\n\n<p><strong>Erstsemesterveranstaltungen, Campus- und Bartouren<\/strong><strong><br><\/strong>Der Start in einen neuen Studiengang an einer neuen Universit\u00e4t ist aufregend und organisatorisch oft herausfordernd. Wir m\u00f6chten euch den Start so einfach und stressfrei wie m\u00f6glich gestalten. Neben den Einf\u00fchrungsveranstaltungen des Instituts, versuchen wir das Kennenlernen in der Ersti-Woche durch verschiedene Angebote zu erleichtern und alle aufkommenden Fragen schnell zu beantworten. Weitere Informationen zur Ersti-Woche findet ihr hier.<\/p>\n\n\n\n<p><strong>Future Talks<\/strong><br>Welche beruflichen Perspektiven kann ich durch den Master in Human Factors anstreben? Wie setze ich daf\u00fcr meine Schwerpunkte im Studium? Das HFES Student Chapter organisiert fachlichen Austausch mit Professionals aus Industrie und Forschung oder l\u00e4dt zu Netzwerktreffen ein. Falls ihr selbst Alumni seid und euren Arbeitsbereich vorstellen m\u00f6chtet, meldet Euch gerne bei uns.<\/p>\n\n\n\n<p><strong>Exkursionen<\/strong><strong><br><\/strong>Wie k\u00f6nnte mein zuk\u00fcnftiges Arbeitsumfeld aussehen? Welche M\u00f6glichkeiten gibt es \u00fcberhaupt? Exkursionen zu Arbeitgebern aus verschiedenen Bereichen sollen hier Aufschluss bieten und euch in eurer Berufsideen inspirieren.<\/p>\n\n\n\n<p><strong>Sommerfeste und Weihnachtsfeiern<\/strong><br>Um die Vernetzung zwischen den Studierenden untereinander und mit dem Institut zu f\u00f6rdern, veranstalten wir unter dem Semester je nach Anlass Feste. Nutzt die Gelegenheit, um Euch mit anderen Studierenden zu vernetzen und euch zu M\u00f6glichkeiten und Chancen im Studium auszutauschen.<\/p>\n\n\n\n<p><strong>Bar-Abende<\/strong><strong><br><\/strong>Einmal im Monat findet im Caf\u00e9 Erdreich im Geb\u00e4ude Z unser HF-Barabend statt. Ihr k\u00f6nnt bei Kickern, Billiard und Getr\u00e4nken in den Austausch mit euren Kommiliton:innen gehen.<\/p>\n\n\n\n<p><strong>Information &amp; Beratung f\u00fcr Studierende und Studieninteressierte<\/strong><br>Wir stehen bei Problemen und Fragen rund ums Studium zur Verf\u00fcgung. F\u00fcr Studierende steht der Isis Kurs mit Informationsm\u00f6glichkeiten zur Verf\u00fcgung. Schreibt uns gerne eine Nachricht, falls ihr Fragen habt. Erste Informationen findet ihr auf dieser Website unter \u201cZum Studium\u201d.<\/p>\n","protected":false},"excerpt":{"rendered":"<p>Wendet Euch gerne in folgenden Angelegenheiten an uns&#8230; Studentische Vertretung InstitutsratJedes Institut an der TU Berlin hat seinen eigenen Institutsrat. Im Institutsrat werden Belange besprochen, die Forschung und Lehre des Instituts betreffen und somit auch Auswirkungen auf unseren Studiengang haben. Die studentischen Interessen werden durch studentische Mitglieder vertreten. Neben&nbsp; den studentischen Mitgliedern geh\u00f6ren gem\u00e4\u00df Satzung der TU der Institutsratssitzung f\u00fcr Psychologie und Arbeitswissenschaft eine Vertreterung der akademischen Mitarbeitenden, der Mitarbeitenden in Technik, Service und Verwaltung, und vier Hochschullehrenden an. Die Mitglieder werden von den jeweiligen Gruppen f\u00fcr eine Amtszeit von 2 Jahren gew\u00e4hlt. Die Sitzungen des Institutsrates haben stets einen instituts\u00f6ffentlichen Teil, die Termine und aktuelle Besetzung findet ihr hier auf der Webseite des IPA.&nbsp; Pr\u00fcfungsausschussDer Pr\u00fcfungsausschuss achtet darauf, dass [&hellip;]<\/p>\n","protected":false},"author":3,"featured_media":0,"parent":0,"menu_order":0,"comment_status":"closed","ping_status":"closed","template":"","meta":{"footnotes":""},"class_list":["post-251","page","type-page","status-publish","hentry"],"_links":{"self":[{"href":"https:\/\/steyr.ipa.tu-berlin.de\/index.php?rest_route=\/wp\/v2\/pages\/251","targetHints":{"allow":["GET"]}}],"collection":[{"href":"https:\/\/steyr.ipa.tu-berlin.de\/index.php?rest_route=\/wp\/v2\/pages"}],"about":[{"href":"https:\/\/steyr.ipa.tu-berlin.de\/index.php?rest_route=\/wp\/v2\/types\/page"}],"author":[{"embeddable":true,"href":"https:\/\/steyr.ipa.tu-berlin.de\/index.php?rest_route=\/wp\/v2\/users\/3"}],"replies":[{"embeddable":true,"href":"https:\/\/steyr.ipa.tu-berlin.de\/index.php?rest_route=%2Fwp%2Fv2%2Fcomments&post=251"}],"version-history":[{"count":3,"href":"https:\/\/steyr.ipa.tu-berlin.de\/index.php?rest_route=\/wp\/v2\/pages\/251\/revisions"}],"predecessor-version":[{"id":408,"href":"https:\/\/steyr.ipa.tu-berlin.de\/index.php?rest_route=\/wp\/v2\/pages\/251\/revisions\/408"}],"wp:attachment":[{"href":"https:\/\/steyr.ipa.tu-berlin.de\/index.php?rest_route=%2Fwp%2Fv2%2Fmedia&parent=251"}],"curies":[{"name":"wp","href":"https:\/\/api.w.org\/{rel}","templated":true}]}}